{"id":1327,"date":"2021-03-31T17:25:09","date_gmt":"2021-03-31T15:25:09","guid":{"rendered":"http:\/\/bleurenard.fr\/?page_id=1327"},"modified":"2021-09-02T14:46:15","modified_gmt":"2021-09-02T12:46:15","slug":"pour-une-communication-didentite-visuelle","status":"publish","type":"page","link":"https:\/\/bleurenard.fr\/?page_id=1327","title":{"rendered":"Pour une cr\u00e9ation graphique"},"content":{"rendered":"\t\t<div data-elementor-type=\"wp-page\" data-elementor-id=\"1327\" class=\"elementor elementor-1327\">\n\t\t\t\t\t\t<section class=\"elementor-section elementor-top-section elementor-element elementor-element-5da54f3f elementor-section-content-middle elementor-section-boxed elementor-section-height-default elementor-section-height-default\" data-id=\"5da54f3f\" data-element_type=\"section\" data-settings=\"{&quot;background_background&quot;:&quot;classic&quot;}\">\n\t\t\t\t\t\t\t<div class=\"elementor-background-overlay\"><\/div>\n\t\t\t\t\t\t\t<div class=\"elementor-container elementor-column-gap-default\">\n\t\t\t\t\t<div class=\"elementor-column elementor-col-100 elementor-top-column elementor-element elementor-element-7884ddd2\" data-id=\"7884ddd2\" data-element_type=\"column\">\n\t\t\t<div class=\"elementor-widget-wrap elementor-element-populated\">\n\t\t\t\t\t\t<div class=\"elementor-element elementor-element-d648097 elementor-widget elementor-widget-heading\" data-id=\"d648097\" data-element_type=\"widget\" data-widget_type=\"heading.default\">\n\t\t\t\t<div class=\"elementor-widget-container\">\n\t\t\t\t\t<h2 class=\"elementor-heading-title elementor-size-default\">pour atteindre vos objectifs<\/h2>\t\t\t\t<\/div>\n\t\t\t\t<\/div>\n\t\t\t\t<div class=\"elementor-element elementor-element-4c235685 elementor-widget elementor-widget-text-editor\" data-id=\"4c235685\" data-element_type=\"widget\" data-widget_type=\"text-editor.default\">\n\t\t\t\t<div class=\"elementor-widget-container\">\n\t\t\t\t\t\t\t\t\t<p>Cr\u00e9ation graphique<\/p>\t\t\t\t\t\t\t\t<\/div>\n\t\t\t\t<\/div>\n\t\t\t\t\t<\/div>\n\t\t<\/div>\n\t\t\t\t\t<\/div>\n\t\t<\/section>\n\t\t\t\t<section class=\"elementor-section elementor-top-section elementor-element elementor-element-380f87b elementor-section-boxed elementor-section-height-default elementor-section-height-default\" data-id=\"380f87b\" data-element_type=\"section\">\n\t\t\t\t\t\t<div class=\"elementor-container elementor-column-gap-default\">\n\t\t\t\t\t<div class=\"elementor-column elementor-col-100 elementor-top-column elementor-element elementor-element-a883c06\" data-id=\"a883c06\" data-element_type=\"column\">\n\t\t\t<div class=\"elementor-widget-wrap elementor-element-populated\">\n\t\t\t\t\t\t<div class=\"elementor-element elementor-element-285e784 elementor-widget elementor-widget-spacer\" data-id=\"285e784\" data-element_type=\"widget\" data-widget_type=\"spacer.default\">\n\t\t\t\t<div class=\"elementor-widget-container\">\n\t\t\t\t\t\t\t<div class=\"elementor-spacer\">\n\t\t\t<div class=\"elementor-spacer-inner\"><\/div>\n\t\t<\/div>\n\t\t\t\t\t\t<\/div>\n\t\t\t\t<\/div>\n\t\t\t\t\t<\/div>\n\t\t<\/div>\n\t\t\t\t\t<\/div>\n\t\t<\/section>\n\t\t\t\t<section class=\"elementor-section elementor-top-section elementor-element elementor-element-1fd9e880 elementor-section-boxed elementor-section-height-default elementor-section-height-default\" data-id=\"1fd9e880\" data-element_type=\"section\">\n\t\t\t\t\t\t<div class=\"elementor-container elementor-column-gap-default\">\n\t\t\t\t\t<div class=\"elementor-column elementor-col-100 elementor-top-column elementor-element elementor-element-88b5541\" data-id=\"88b5541\" data-element_type=\"column\">\n\t\t\t<div class=\"elementor-widget-wrap elementor-element-populated\">\n\t\t\t\t\t\t<div class=\"elementor-element elementor-element-8569f83 elementor-widget elementor-widget-wpforms\" data-id=\"8569f83\" data-element_type=\"widget\" data-widget_type=\"wpforms.default\">\n\t\t\t\t<div class=\"elementor-widget-container\">\n\t\t\t\t\t<div class=\"wpforms-container wpforms-container-full\" id=\"wpforms-1081\"><form id=\"wpforms-form-1081\" class=\"wpforms-validate wpforms-form\" data-formid=\"1081\" method=\"post\" enctype=\"multipart\/form-data\" action=\"\/index.php?rest_route=%2Fwp%2Fv2%2Fpages%2F1327\" data-token=\"6ccb98f951e5051a726613a38ed3446e\" data-token-time=\"1776957859\"><noscript class=\"wpforms-error-noscript\">Veuillez activer JavaScript dans votre navigateur pour remplir ce formulaire.<\/noscript><div class=\"wpforms-field-container\"><div id=\"wpforms-1081-field_7-container\" class=\"wpforms-field wpforms-field-name\" data-field-id=\"7\"><label class=\"wpforms-field-label\">Nom <span class=\"wpforms-required-label\">*<\/span><\/label><div class=\"wpforms-field-row wpforms-field-medium\"><div class=\"wpforms-field-row-block wpforms-first wpforms-one-half\"><input type=\"text\" id=\"wpforms-1081-field_7\" class=\"wpforms-field-name-first wpforms-field-required\" name=\"wpforms[fields][7][first]\" required><label for=\"wpforms-1081-field_7\" class=\"wpforms-field-sublabel after\">Pr\u00e9nom<\/label><\/div><div class=\"wpforms-field-row-block wpforms-one-half\"><input type=\"text\" id=\"wpforms-1081-field_7-last\" class=\"wpforms-field-name-last wpforms-field-required\" name=\"wpforms[fields][7][last]\" required><label for=\"wpforms-1081-field_7-last\" class=\"wpforms-field-sublabel after\">Nom<\/label><\/div><\/div><\/div><div id=\"wpforms-1081-field_8-container\" class=\"wpforms-field wpforms-field-checkbox\" data-field-id=\"8\"><label class=\"wpforms-field-label\">De quoi avez-vous besoin ?<\/label><ul id=\"wpforms-1081-field_8\"><li class=\"choice-1 depth-1\"><input type=\"checkbox\" id=\"wpforms-1081-field_8_1\" name=\"wpforms[fields][8][]\" value=\"Un flyer recto\"  ><label class=\"wpforms-field-label-inline\" for=\"wpforms-1081-field_8_1\">Un flyer recto<\/label><\/li><li class=\"choice-2 depth-1\"><input type=\"checkbox\" id=\"wpforms-1081-field_8_2\" name=\"wpforms[fields][8][]\" value=\"Un flyer recto\/verso\"  ><label class=\"wpforms-field-label-inline\" for=\"wpforms-1081-field_8_2\">Un flyer recto\/verso<\/label><\/li><li class=\"choice-3 depth-1\"><input type=\"checkbox\" id=\"wpforms-1081-field_8_3\" name=\"wpforms[fields][8][]\" value=\"Une plaquette (6 \u00e0 8 pages)\"  ><label class=\"wpforms-field-label-inline\" for=\"wpforms-1081-field_8_3\">Une plaquette (6 \u00e0 8 pages)<\/label><\/li><li class=\"choice-4 depth-1\"><input type=\"checkbox\" id=\"wpforms-1081-field_8_4\" name=\"wpforms[fields][8][]\" value=\"Une brochure\/catalogue (+ de 6 pages)\"  ><label class=\"wpforms-field-label-inline\" for=\"wpforms-1081-field_8_4\">Une brochure\/catalogue (+ de 6 pages)<\/label><\/li><li class=\"choice-5 depth-1\"><input type=\"checkbox\" id=\"wpforms-1081-field_8_5\" name=\"wpforms[fields][8][]\" value=\"Une affiche\"  ><label class=\"wpforms-field-label-inline\" for=\"wpforms-1081-field_8_5\">Une affiche<\/label><\/li><li class=\"choice-6 depth-1\"><input type=\"checkbox\" id=\"wpforms-1081-field_8_6\" name=\"wpforms[fields][8][]\" value=\"Un design de news lettre\"  ><label class=\"wpforms-field-label-inline\" for=\"wpforms-1081-field_8_6\">Un design de news lettre<\/label><\/li><li class=\"choice-7 depth-1\"><input type=\"checkbox\" id=\"wpforms-1081-field_8_7\" name=\"wpforms[fields][8][]\" value=\"Une banni\u00e8re\"  ><label class=\"wpforms-field-label-inline\" for=\"wpforms-1081-field_8_7\">Une banni\u00e8re<\/label><\/li><li class=\"choice-8 depth-1\"><input type=\"checkbox\" id=\"wpforms-1081-field_8_8\" name=\"wpforms[fields][8][]\" value=\"Une illustration\"  ><label class=\"wpforms-field-label-inline\" for=\"wpforms-1081-field_8_8\">Une illustration<\/label><\/li><\/ul><\/div><div id=\"wpforms-1081-field_9-container\" class=\"wpforms-field wpforms-field-textarea\" data-field-id=\"9\"><label class=\"wpforms-field-label\" for=\"wpforms-1081-field_9\">Pouvez-vous me d\u00e9crire votre activit\u00e9 en quelques lignes<\/label><textarea id=\"wpforms-1081-field_9\" class=\"wpforms-field-medium\" name=\"wpforms[fields][9]\" ><\/textarea><\/div><div id=\"wpforms-1081-field_2-container\" class=\"wpforms-field wpforms-field-textarea\" data-field-id=\"2\"><label class=\"wpforms-field-label\" for=\"wpforms-1081-field_2\">Qui sont vos clients, votre cible ?<\/label><textarea id=\"wpforms-1081-field_2\" class=\"wpforms-field-medium\" name=\"wpforms[fields][2]\" ><\/textarea><\/div><div id=\"wpforms-1081-field_3-container\" class=\"wpforms-field wpforms-field-textarea\" data-field-id=\"3\"><label class=\"wpforms-field-label\" for=\"wpforms-1081-field_3\">Quel est l&#039;objectif de votre support ? dans quel contexte serait-il diffus\u00e9 ?<\/label><textarea id=\"wpforms-1081-field_3\" class=\"wpforms-field-medium\" name=\"wpforms[fields][3]\" ><\/textarea><\/div><div id=\"wpforms-1081-field_4-container\" class=\"wpforms-field wpforms-field-radio\" data-field-id=\"4\"><label class=\"wpforms-field-label\">Les contenus sont-il fournis ?<\/label><ul id=\"wpforms-1081-field_4\"><li class=\"choice-1 depth-1\"><input type=\"radio\" id=\"wpforms-1081-field_4_1\" name=\"wpforms[fields][4]\" value=\"Texte\"  ><label class=\"wpforms-field-label-inline\" for=\"wpforms-1081-field_4_1\">Texte<\/label><\/li><li class=\"choice-2 depth-1\"><input type=\"radio\" id=\"wpforms-1081-field_4_2\" name=\"wpforms[fields][4]\" value=\"Photographie\"  ><label class=\"wpforms-field-label-inline\" for=\"wpforms-1081-field_4_2\">Photographie<\/label><\/li><li class=\"choice-3 depth-1\"><input type=\"radio\" id=\"wpforms-1081-field_4_3\" name=\"wpforms[fields][4]\" value=\"Illustration\"  ><label class=\"wpforms-field-label-inline\" for=\"wpforms-1081-field_4_3\">Illustration<\/label><\/li><li class=\"choice-4 depth-1\"><input type=\"radio\" id=\"wpforms-1081-field_4_4\" name=\"wpforms[fields][4]\" value=\"Pas pour le moment, j&#039;aimerais \u00eatre accompagn\u00e9 sur ces points l\u00e0.\"  ><label class=\"wpforms-field-label-inline\" for=\"wpforms-1081-field_4_4\">Pas pour le moment, j'aimerais \u00eatre accompagn\u00e9 sur ces points l\u00e0.<\/label><\/li><li class=\"choice-5 depth-1\"><input type=\"radio\" id=\"wpforms-1081-field_4_5\" name=\"wpforms[fields][4]\" value=\"Autres\"  ><label class=\"wpforms-field-label-inline\" for=\"wpforms-1081-field_4_5\">Autres<\/label><\/li><\/ul><\/div><div id=\"wpforms-1081-field_5-container\" class=\"wpforms-field wpforms-field-radio\" data-field-id=\"5\"><label class=\"wpforms-field-label\">Avez-vous d\u00e9j\u00e0 une identit\u00e9 visuelle d\u00e9finie ? Pouvez-vous fournir les \u00e9l\u00e9ments de votre charte graphique ?<\/label><ul id=\"wpforms-1081-field_5\"><li class=\"choice-1 depth-1\"><input type=\"radio\" id=\"wpforms-1081-field_5_1\" name=\"wpforms[fields][5]\" value=\"Je n&#039;ai pas d&#039;identit\u00e9 visuelle\"  ><label class=\"wpforms-field-label-inline\" for=\"wpforms-1081-field_5_1\">Je n'ai pas d'identit\u00e9 visuelle<\/label><\/li><li class=\"choice-2 depth-1\"><input type=\"radio\" id=\"wpforms-1081-field_5_2\" name=\"wpforms[fields][5]\" value=\"J&#039;ai juste un logo au format jpg\"  ><label class=\"wpforms-field-label-inline\" for=\"wpforms-1081-field_5_2\">J'ai juste un logo au format jpg<\/label><\/li><li class=\"choice-3 depth-1\"><input type=\"radio\" id=\"wpforms-1081-field_5_3\" name=\"wpforms[fields][5]\" value=\"J&#039;ai un logo dans plusieurs formats et de bonne qualit\u00e9\"  ><label class=\"wpforms-field-label-inline\" for=\"wpforms-1081-field_5_3\">J'ai un logo dans plusieurs formats et de bonne qualit\u00e9<\/label><\/li><li class=\"choice-4 depth-1\"><input type=\"radio\" id=\"wpforms-1081-field_5_4\" name=\"wpforms[fields][5]\" value=\"J\u2019ai une identit\u00e9 visuelle basique (logo, couleurs, typographie\u2026) et je peux fournir tous les \u00e9l\u00e9ments\"  ><label class=\"wpforms-field-label-inline\" for=\"wpforms-1081-field_5_4\">J\u2019ai une identit\u00e9 visuelle basique (logo, couleurs, typographie\u2026) et je peux fournir tous les \u00e9l\u00e9ments<\/label><\/li><li class=\"choice-5 depth-1\"><input type=\"radio\" id=\"wpforms-1081-field_5_5\" name=\"wpforms[fields][5]\" value=\"J\u2019ai une charte graphique compl\u00e8te (logo, r\u00e8gles d\u2019utilisation, typographies, palette de couleurs, \u00e9l\u00e9ments graphiques, motifs...) et je peux fournir tous les \u00e9l\u00e9ments\"  ><label class=\"wpforms-field-label-inline\" for=\"wpforms-1081-field_5_5\">J\u2019ai une charte graphique compl\u00e8te (logo, r\u00e8gles d\u2019utilisation, typographies, palette de couleurs, \u00e9l\u00e9ments graphiques, motifs...) et je peux fournir tous les \u00e9l\u00e9ments<\/label><\/li><li class=\"choice-6 depth-1\"><input type=\"radio\" id=\"wpforms-1081-field_5_6\" name=\"wpforms[fields][5]\" value=\"Autre\"  ><label class=\"wpforms-field-label-inline\" for=\"wpforms-1081-field_5_6\">Autre<\/label><\/li><\/ul><\/div><div id=\"wpforms-1081-field_10-container\" class=\"wpforms-field wpforms-field-textarea\" data-field-id=\"10\"><label class=\"wpforms-field-label\" for=\"wpforms-1081-field_10\">Avez-vous des choix de couleur, style, ambiance... un message.<\/label><textarea id=\"wpforms-1081-field_10\" class=\"wpforms-field-medium\" name=\"wpforms[fields][10]\" ><\/textarea><\/div><div id=\"wpforms-1081-field_11-container\" class=\"wpforms-field wpforms-field-checkbox\" data-field-id=\"11\"><label class=\"wpforms-field-label\">Un budget ?<\/label><ul id=\"wpforms-1081-field_11\"><li class=\"choice-1 depth-1\"><input type=\"checkbox\" id=\"wpforms-1081-field_11_1\" name=\"wpforms[fields][11][]\" value=\"Moins de 200\u20ac\"  ><label class=\"wpforms-field-label-inline\" for=\"wpforms-1081-field_11_1\">Moins de 200\u20ac<\/label><\/li><li class=\"choice-2 depth-1\"><input type=\"checkbox\" id=\"wpforms-1081-field_11_2\" name=\"wpforms[fields][11][]\" value=\"Entre 200\u20ac et 300\u20ac\"  ><label class=\"wpforms-field-label-inline\" for=\"wpforms-1081-field_11_2\">Entre 200\u20ac et 300\u20ac<\/label><\/li><li class=\"choice-3 depth-1\"><input type=\"checkbox\" id=\"wpforms-1081-field_11_3\" name=\"wpforms[fields][11][]\" value=\"Entre 300\u20ac et 500\u20ac\"  ><label class=\"wpforms-field-label-inline\" for=\"wpforms-1081-field_11_3\">Entre 300\u20ac et 500\u20ac<\/label><\/li><li class=\"choice-4 depth-1\"><input type=\"checkbox\" id=\"wpforms-1081-field_11_4\" name=\"wpforms[fields][11][]\" value=\"Entre 500\u20ac et 1 000\u20ac\"  ><label class=\"wpforms-field-label-inline\" for=\"wpforms-1081-field_11_4\">Entre 500\u20ac et 1 000\u20ac<\/label><\/li><li class=\"choice-5 depth-1\"><input type=\"checkbox\" id=\"wpforms-1081-field_11_5\" name=\"wpforms[fields][11][]\" value=\"Entre 1 000\u20ac et 1 500\u20ac\"  ><label class=\"wpforms-field-label-inline\" for=\"wpforms-1081-field_11_5\">Entre 1 000\u20ac et 1 500\u20ac<\/label><\/li><li class=\"choice-6 depth-1\"><input type=\"checkbox\" id=\"wpforms-1081-field_11_6\" name=\"wpforms[fields][11][]\" value=\"Entre 1 500\u20ac et 2 000\u20ac\"  ><label class=\"wpforms-field-label-inline\" for=\"wpforms-1081-field_11_6\">Entre 1 500\u20ac et 2 000\u20ac<\/label><\/li><li class=\"choice-7 depth-1\"><input type=\"checkbox\" id=\"wpforms-1081-field_11_7\" name=\"wpforms[fields][11][]\" value=\"Plus de 2 000\u20ac\"  ><label class=\"wpforms-field-label-inline\" for=\"wpforms-1081-field_11_7\">Plus de 2 000\u20ac<\/label><\/li><\/ul><\/div><div id=\"wpforms-1081-field_12-container\" class=\"wpforms-field wpforms-field-text\" data-field-id=\"12\"><label class=\"wpforms-field-label\" for=\"wpforms-1081-field_12\">Avez-vous une date d&#039;\u00e9ch\u00e9ance ?<\/label><input type=\"text\" id=\"wpforms-1081-field_12\" class=\"wpforms-field-medium\" name=\"wpforms[fields][12]\" ><\/div><div id=\"wpforms-1081-field_13-container\" class=\"wpforms-field wpforms-field-email\" data-field-id=\"13\"><label class=\"wpforms-field-label\" for=\"wpforms-1081-field_13\">Laissez-moi votre adresse E-mail pour que je vous recontacte <span class=\"wpforms-required-label\">*<\/span><\/label><input type=\"email\" id=\"wpforms-1081-field_13\" class=\"wpforms-field-medium wpforms-field-required\" name=\"wpforms[fields][13]\" spellcheck=\"false\" required><\/div><\/div><!-- .wpforms-field-container --><div class=\"wpforms-submit-container\" ><input type=\"hidden\" name=\"wpforms[id]\" value=\"1081\"><input type=\"hidden\" name=\"page_title\" value=\"\"><input type=\"hidden\" name=\"page_url\" value=\"https:\/\/bleurenard.fr\/index.php?rest_route=\/wp\/v2\/pages\/1327\"><input type=\"hidden\" name=\"url_referer\" value=\"\"><button type=\"submit\" name=\"wpforms[submit]\" id=\"wpforms-submit-1081\" class=\"wpforms-submit\" data-alt-text=\"Envoi...\" data-submit-text=\"Envoyer\" aria-live=\"assertive\" value=\"wpforms-submit\">Envoyer<\/button><\/div><\/form><\/div>  <!-- .wpforms-container -->\t\t\t\t<\/div>\n\t\t\t\t<\/div>\n\t\t\t\t\t<\/div>\n\t\t<\/div>\n\t\t\t\t\t<\/div>\n\t\t<\/section>\n\t\t\t\t<section class=\"elementor-section elementor-top-section elementor-element elementor-element-907a7ad elementor-section-boxed elementor-section-height-default elementor-section-height-default\" data-id=\"907a7ad\" data-element_type=\"section\">\n\t\t\t\t\t\t<div class=\"elementor-container elementor-column-gap-default\">\n\t\t\t\t\t<div class=\"elementor-column elementor-col-100 elementor-top-column elementor-element elementor-element-e2eaf76\" data-id=\"e2eaf76\" data-element_type=\"column\">\n\t\t\t<div class=\"elementor-widget-wrap elementor-element-populated\">\n\t\t\t\t\t\t<div class=\"elementor-element elementor-element-383b322 elementor-widget-divider--view-line elementor-widget elementor-widget-divider\" data-id=\"383b322\" data-element_type=\"widget\" data-widget_type=\"divider.default\">\n\t\t\t\t<div class=\"elementor-widget-container\">\n\t\t\t\t\t\t\t<div class=\"elementor-divider\">\n\t\t\t<span class=\"elementor-divider-separator\">\n\t\t\t\t\t\t<\/span>\n\t\t<\/div>\n\t\t\t\t\t\t<\/div>\n\t\t\t\t<\/div>\n\t\t\t\t<div class=\"elementor-element elementor-element-946b137 elementor-widget elementor-widget-spacer\" data-id=\"946b137\" data-element_type=\"widget\" data-widget_type=\"spacer.default\">\n\t\t\t\t<div class=\"elementor-widget-container\">\n\t\t\t\t\t\t\t<div class=\"elementor-spacer\">\n\t\t\t<div class=\"elementor-spacer-inner\"><\/div>\n\t\t<\/div>\n\t\t\t\t\t\t<\/div>\n\t\t\t\t<\/div>\n\t\t\t\t<div class=\"elementor-element elementor-element-00c10e5 elementor-widget elementor-widget-text-editor\" data-id=\"00c10e5\" data-element_type=\"widget\" data-widget_type=\"text-editor.default\">\n\t\t\t\t<div class=\"elementor-widget-container\">\n\t\t\t\t\t\t\t\t\t<p>Autrement, laissez-moi vos informations pour que je vous recontacte:<\/p>\t\t\t\t\t\t\t\t<\/div>\n\t\t\t\t<\/div>\n\t\t\t\t\t<\/div>\n\t\t<\/div>\n\t\t\t\t\t<\/div>\n\t\t<\/section>\n\t\t\t\t<section class=\"elementor-section elementor-top-section elementor-element elementor-element-464c04c elementor-section-boxed elementor-section-height-default elementor-section-height-default\" data-id=\"464c04c\" data-element_type=\"section\">\n\t\t\t\t\t\t<div class=\"elementor-container elementor-column-gap-default\">\n\t\t\t\t\t<div class=\"elementor-column elementor-col-100 elementor-top-column elementor-element elementor-element-0b99625\" data-id=\"0b99625\" data-element_type=\"column\">\n\t\t\t<div class=\"elementor-widget-wrap elementor-element-populated\">\n\t\t\t\t\t\t<div class=\"elementor-element elementor-element-027db6d elementor-widget elementor-widget-wpforms\" data-id=\"027db6d\" data-element_type=\"widget\" data-widget_type=\"wpforms.default\">\n\t\t\t\t<div class=\"elementor-widget-container\">\n\t\t\t\t\t<div class=\"wpforms-container wpforms-container-full\" id=\"wpforms-80\"><form id=\"wpforms-form-80\" class=\"wpforms-validate wpforms-form\" data-formid=\"80\" method=\"post\" enctype=\"multipart\/form-data\" action=\"\/index.php?rest_route=%2Fwp%2Fv2%2Fpages%2F1327\" data-token=\"be5d3ca8da06c3f33058c3f6f24c5d1a\" data-token-time=\"1776957859\"><noscript class=\"wpforms-error-noscript\">Veuillez activer JavaScript dans votre navigateur pour remplir ce formulaire.<\/noscript><div class=\"wpforms-field-container\"><div id=\"wpforms-80-field_0-container\" class=\"wpforms-field wpforms-field-name\" data-field-id=\"0\"><label class=\"wpforms-field-label\" for=\"wpforms-80-field_0\">Nom <span class=\"wpforms-required-label\">*<\/span><\/label><input type=\"text\" id=\"wpforms-80-field_0\" class=\"wpforms-field-medium wpforms-field-required\" name=\"wpforms[fields][0]\" required><\/div><div id=\"wpforms-80-field_1-container\" class=\"wpforms-field wpforms-field-email\" data-field-id=\"1\"><label class=\"wpforms-field-label\" for=\"wpforms-80-field_1\">E-mail <span class=\"wpforms-required-label\">*<\/span><\/label><input type=\"email\" id=\"wpforms-80-field_1\" class=\"wpforms-field-medium wpforms-field-required\" name=\"wpforms[fields][1]\" spellcheck=\"false\" required><\/div><div id=\"wpforms-80-field_2-container\" class=\"wpforms-field wpforms-field-textarea\" data-field-id=\"2\"><label class=\"wpforms-field-label\" for=\"wpforms-80-field_2\">Message <span class=\"wpforms-required-label\">*<\/span><\/label><textarea id=\"wpforms-80-field_2\" class=\"wpforms-field-medium wpforms-field-required\" name=\"wpforms[fields][2]\" required><\/textarea><div class=\"wpforms-field-description\">Besoin d'une identit\u00e9 visuelle, d'une cr\u00e9ation graphique, d'un site internet ou pour toute autre question, n'h\u00e9sitez pas \u00e0 m'en dire plus !<\/div><\/div><\/div><!-- .wpforms-field-container --><div class=\"wpforms-submit-container\" ><input type=\"hidden\" name=\"wpforms[id]\" value=\"80\"><input type=\"hidden\" name=\"page_title\" value=\"\"><input type=\"hidden\" name=\"page_url\" value=\"https:\/\/bleurenard.fr\/index.php?rest_route=\/wp\/v2\/pages\/1327\"><input type=\"hidden\" name=\"url_referer\" value=\"\"><button type=\"submit\" name=\"wpforms[submit]\" id=\"wpforms-submit-80\" class=\"wpforms-submit\" data-alt-text=\"Envoi...\" data-submit-text=\"Envoyer\" aria-live=\"assertive\" value=\"wpforms-submit\">Envoyer<\/button><\/div><\/form><\/div>  <!-- .wpforms-container -->\t\t\t\t<\/div>\n\t\t\t\t<\/div>\n\t\t\t\t\t<\/div>\n\t\t<\/div>\n\t\t\t\t\t<\/div>\n\t\t<\/section>\n\t\t\t\t<\/div>\n\t\t","protected":false},"excerpt":{"rendered":"<p>pour atteindre vos objectifs Cr\u00e9ation graphique Autrement, laissez-moi vos informations pour que je vous recontacte:<\/p>\n","protected":false},"author":1,"featured_media":0,"parent":0,"menu_order":0,"comment_status":"closed","ping_status":"closed","template":"","meta":{"footnotes":""},"_links":{"self":[{"href":"https:\/\/bleurenard.fr\/index.php?rest_route=\/wp\/v2\/pages\/1327"}],"collection":[{"href":"https:\/\/bleurenard.fr\/index.php?rest_route=\/wp\/v2\/pages"}],"about":[{"href":"https:\/\/bleurenard.fr\/index.php?rest_route=\/wp\/v2\/types\/page"}],"author":[{"embeddable":true,"href":"https:\/\/bleurenard.fr\/index.php?rest_route=\/wp\/v2\/users\/1"}],"replies":[{"embeddable":true,"href":"https:\/\/bleurenard.fr\/index.php?rest_route=%2Fwp%2Fv2%2Fcomments&post=1327"}],"version-history":[{"count":30,"href":"https:\/\/bleurenard.fr\/index.php?rest_route=\/wp\/v2\/pages\/1327\/revisions"}],"predecessor-version":[{"id":1539,"href":"https:\/\/bleurenard.fr\/index.php?rest_route=\/wp\/v2\/pages\/1327\/revisions\/1539"}],"wp:attachment":[{"href":"https:\/\/bleurenard.fr\/index.php?rest_route=%2Fwp%2Fv2%2Fmedia&parent=1327"}],"curies":[{"name":"wp","href":"https:\/\/api.w.org\/{rel}","templated":true}]}}