{"id":210,"date":"2021-01-07T14:54:49","date_gmt":"2021-01-07T13:54:49","guid":{"rendered":"http:\/\/bleurenard.fr\/?post_type=product&#038;p=210"},"modified":"2021-01-26T15:31:06","modified_gmt":"2021-01-26T14:31:06","slug":"sac-glaces","status":"publish","type":"product","link":"https:\/\/bleurenard.fr\/?product=sac-glaces","title":{"rendered":"Sac glaces"},"content":{"rendered":"<p>Enfant (4\/7 ans)<\/p>\n<p>Dimension 20 cm x 15cm<\/p>\n<p>Sac rigidifier, doublure int\u00e9rieur<\/p>\n","protected":false},"excerpt":{"rendered":"<p>Petit sac pour ranger doudou, petits dessins, figurines pr\u00e9f\u00e9r\u00e9es&#8230;<\/p>\n","protected":false},"featured_media":0,"template":"","meta":[],"product_cat":[25],"product_tag":[],"_links":{"self":[{"href":"https:\/\/bleurenard.fr\/index.php?rest_route=\/wp\/v2\/product\/210"}],"collection":[{"href":"https:\/\/bleurenard.fr\/index.php?rest_route=\/wp\/v2\/product"}],"about":[{"href":"https:\/\/bleurenard.fr\/index.php?rest_route=\/wp\/v2\/types\/product"}],"wp:attachment":[{"href":"https:\/\/bleurenard.fr\/index.php?rest_route=%2Fwp%2Fv2%2Fmedia&parent=210"}],"wp:term":[{"taxonomy":"product_cat","embeddable":true,"href":"https:\/\/bleurenard.fr\/index.php?rest_route=%2Fwp%2Fv2%2Fproduct_cat&post=210"},{"taxonomy":"product_tag","embeddable":true,"href":"https:\/\/bleurenard.fr\/index.php?rest_route=%2Fwp%2Fv2%2Fproduct_tag&post=210"}],"curies":[{"name":"wp","href":"https:\/\/api.w.org\/{rel}","templated":true}]}}