{"id":212,"date":"2021-01-07T14:57:54","date_gmt":"2021-01-07T13:57:54","guid":{"rendered":"http:\/\/bleurenard.fr\/?post_type=product&#038;p=212"},"modified":"2021-01-28T14:31:25","modified_gmt":"2021-01-28T13:31:25","slug":"sac-gris-souris","status":"publish","type":"product","link":"https:\/\/bleurenard.fr\/?product=sac-gris-souris","title":{"rendered":"sac gris souris"},"content":{"rendered":"<p>dimension 20 x 15 cm<\/p>\n","protected":false},"excerpt":{"rendered":"<p>Petit sac pour ranger doudou, dessin, figurines pr\u00e9f\u00e9r\u00e9es&#8230;<\/p>\n","protected":false},"featured_media":0,"template":"","meta":[],"product_cat":[25],"product_tag":[],"_links":{"self":[{"href":"https:\/\/bleurenard.fr\/index.php?rest_route=\/wp\/v2\/product\/212"}],"collection":[{"href":"https:\/\/bleurenard.fr\/index.php?rest_route=\/wp\/v2\/product"}],"about":[{"href":"https:\/\/bleurenard.fr\/index.php?rest_route=\/wp\/v2\/types\/product"}],"wp:attachment":[{"href":"https:\/\/bleurenard.fr\/index.php?rest_route=%2Fwp%2Fv2%2Fmedia&parent=212"}],"wp:term":[{"taxonomy":"product_cat","embeddable":true,"href":"https:\/\/bleurenard.fr\/index.php?rest_route=%2Fwp%2Fv2%2Fproduct_cat&post=212"},{"taxonomy":"product_tag","embeddable":true,"href":"https:\/\/bleurenard.fr\/index.php?rest_route=%2Fwp%2Fv2%2Fproduct_tag&post=212"}],"curies":[{"name":"wp","href":"https:\/\/api.w.org\/{rel}","templated":true}]}}